{"id":250,"date":"2014-12-17T09:48:45","date_gmt":"2014-12-17T08:48:45","guid":{"rendered":"http:\/\/www.ndtpro.rs\/rs\/?page_id=250"},"modified":"2020-04-27T12:31:12","modified_gmt":"2020-04-27T10:31:12","slug":"basic-za-nivo-3","status":"publish","type":"page","link":"http:\/\/www.ndtpro.rs\/rs\/basic-za-nivo-3\/","title":{"rendered":"BASIC za Nivo 3"},"content":{"rendered":"<p>Da bi kontrolor II nivoa postao kontrolor III nivoa neophodno je da polo\u017ei ispit Basic-a (Osnovni ispit) koji se pola\u017ee samo jednom pre polaganja metoda III nivoa.<br \/>\nBasic ( Osnovni ispit) se odnosi na sticanje tehni\u010dkog znanja o materijalima i tehnologijama proizvodnje, sticanje znanja o sistemima sertifikacije i op\u0161teg znanja o najmanje 4 metode II nivoa <em>(standatd EN ISO 9712 \u010dlan 8.3.2.).<br \/>\n<\/em>Standard daje preporuku da se Osnovni ispit (BASIC) polo\u017ei prvi i ostaje va\u017ee\u0107i 5 godina. Uslov je da se ispit za prvu glavnu metodu polo\u017ei najkasnije 5 godina od dana polaganja Osnovnog ispita.<\/p>\n","protected":false},"excerpt":{"rendered":"<p>Da bi kontrolor II nivoa postao kontrolor III nivoa neophodno je da polo\u017ei ispit Basic-a (Osnovni ispit) koji se pola\u017ee samo jednom pre polaganja metoda III nivoa. Basic ( Osnovni&#8230;<\/p>\n","protected":false},"author":1,"featured_media":238,"parent":0,"menu_order":2,"comment_status":"closed","ping_status":"open","template":"page-course.php","meta":{"footnotes":""},"class_list":["post-250","page","type-page","status-publish","has-post-thumbnail","hentry"],"_links":{"self":[{"href":"http:\/\/www.ndtpro.rs\/rs\/wp-json\/wp\/v2\/pages\/250","targetHints":{"allow":["GET"]}}],"collection":[{"href":"http:\/\/www.ndtpro.rs\/rs\/wp-json\/wp\/v2\/pages"}],"about":[{"href":"http:\/\/www.ndtpro.rs\/rs\/wp-json\/wp\/v2\/types\/page"}],"author":[{"embeddable":true,"href":"http:\/\/www.ndtpro.rs\/rs\/wp-json\/wp\/v2\/users\/1"}],"replies":[{"embeddable":true,"href":"http:\/\/www.ndtpro.rs\/rs\/wp-json\/wp\/v2\/comments?post=250"}],"version-history":[{"count":2,"href":"http:\/\/www.ndtpro.rs\/rs\/wp-json\/wp\/v2\/pages\/250\/revisions"}],"predecessor-version":[{"id":779,"href":"http:\/\/www.ndtpro.rs\/rs\/wp-json\/wp\/v2\/pages\/250\/revisions\/779"}],"wp:featuredmedia":[{"embeddable":true,"href":"http:\/\/www.ndtpro.rs\/rs\/wp-json\/wp\/v2\/media\/238"}],"wp:attachment":[{"href":"http:\/\/www.ndtpro.rs\/rs\/wp-json\/wp\/v2\/media?parent=250"}],"curies":[{"name":"wp","href":"https:\/\/api.w.org\/{rel}","templated":true}]}}