{"id":246,"date":"2014-12-17T09:47:39","date_gmt":"2014-12-17T08:47:39","guid":{"rendered":"http:\/\/www.ndtpro.rs\/rs\/?page_id=246"},"modified":"2020-04-27T12:29:23","modified_gmt":"2020-04-27T10:29:23","slug":"ultrazvucno-ispitivanje-ut","status":"publish","type":"page","link":"http:\/\/www.ndtpro.rs\/rs\/ultrazvucno-ispitivanje-ut\/","title":{"rendered":"Ultrazvu\u010dno ispitivanje (UT)"},"content":{"rendered":"<div class=\"course-details clearfix\">\n<h3 class=\"course-post-title\"><strong><span style=\"text-decoration: underline;\">Ultrazvu\u010dno ispitivanje (UT) nivo 1+2<\/span><\/strong><\/h3>\n<p>Ultrazvu\u010dno ispitivanje (UT) je standardna zapreminska metoda ispitivanja bez razaranja (NDT). U na\u0161em Trening centru kadnidat nakon zavr\u0161ene obuke sti\u010de:<\/p>\n<ul>\n<li>op\u0161ta teorijska znanja iz metode,<\/li>\n<li>specifi\u010dna znanja vezana za primenu standarda,<\/li>\n<li>prakti\u010dna znanja za primenu metode ispitivanja po va\u017ee\u0107im standardima za odlivke, otkovke, zavarene spojeve i valjane proizvode uz prakti\u010dnu primenu.<\/li>\n<\/ul>\n<p>Obuka se sprovodi u Trening centru NDT PRO d.o.o. prema standardu EN ISO 9712. NDT PRO trening centar osigurava da lice koja zavr\u0161i obuku i polo\u017ei ispit budu kvalifikovano i sertifikovano za obavljanje ultrazvu\u010dnog ispitivanja (UT) u skladu sa odgovaraju\u0107im standardima i specifikacijama. Isti\u010demo da se kursevi mogu prilagoditi i specifi\u010dnim potrebama klijenata. Za ultrazvu\u010dno ispitivanje u ponudi je obuka za Nivoe 1,2 i 3. prema standardu EN ISO 9712.<br \/>\n1. Nivo &#8211; Osoblje koje poseduje kvalifikaciju prvog stepena mo\u017ee da sprovodi ispitivanja pojedina\u010dnim metodama bez razaranja, na osnovu pisanih instrukcija i pod nadzorom osoblja koje poseduje kvalifikaciju 2. ili 3. stepena.<br \/>\n2. Nivo &#8211; Osoblje koje poseduje kvalifikaciju drugog stepena mo\u017ee da vr\u0161i analizu rezultata, priprema uputstva, bira metode ispitivanja i daje instrukcije osoblju koje poseduje kvalifikacije 1. ili 2. nivoa.<br \/>\n3. Nivo &#8211; Osoblje koje poseduje kvalifikaciju 3. stepena odgovara za\u00a0 opremu, pi\u0161e procedure, implementira procedure, vr\u0161i analizu rezultata i izbor metoda ispitivanja koje \u0107e se primenjivati, daje<br \/>\ninstrukcije ostalom osoblju.<\/p>\n<p>Prema standardu EN ISO 9712 predvi\u0111eno je trajanje obuke za Ultrazvu\u010dno ispitivanje (UT) i to za nivo 1 &#8211; 64 \u010dasova,\u00a0 nivo 2\u00a0 &#8211; 80 \u010dasova, a nivo 3 &#8211; 40 \u010dasova.<\/p>\n<p>Minimalni zahtev koji se odnose na potrebno radno iskustvo koje kandidat mora da poseduje da bi stekao pravo da aplicira za sertifikat za 1. nivo je 3 meseca, 2. nivo 9 meseci i za 3. nivo 18 meseci radnog iskustva u Ultrazvu\u010dnom ispitivanju (UT). Ukoliko kandidat poha\u0111a obuku za nivo 1 i nivo 2 minimalno potrebno radno iskustvo iznosi 12 meseca.<\/p>\n<p>Minimalni zahtevi koje je neophodno kandidat da ispuni, a odnose se na se na vizuelne sposobnosti su:<\/p>\n<ul>\n<li>\u010ditanje izbliza \u2013 kandidat mora biti sposoban da \u010dita slova Jeager 1 ili Times New Roman 4.5 ili ekvivalentne znake visine 1.6mm, sa minimalnog rastojanja od 30cm, sa ili bez vizuelnih pomagala.<\/li>\n<li>razlikovanje boja (Ishiara).<\/li>\n<\/ul>\n<h3><strong><span style=\"text-decoration: underline;\">Ultrazvu\u010dno ispitivanje (UT) nivo 3<\/span><\/strong><\/h3>\n<p>Uslov da lice poha\u0111a obuku i pola\u017ee ispit za metodu Ultrazvu\u010dno ispitivanje (UT) nivo 3 je posedovanje validnog sertifikata nivoa 2 iste metode (UT) i zavr\u0161ena obuka i polo\u017een osnovni ispit (BASIC).<\/p>\n<p>Odgovornost i kompetencija kontrolora nivoa 3:<\/p>\n<ul>\n<li>kompetentnost da procenjuje i tuma\u010di rezultate na osnovu postoje\u0107ih standarda, pravila i specifikacija,<\/li>\n<li>poseduje odgovaraju\u0107e prakti\u010dno znanje o upotrebljenim materijalima, izradi, procesima i proizvodnoj tehnologiji u skladu sa odabranom IBR metodom, utrdjenim IBR tehnikama i utvrdjivanju kriterijuma prihvatljivosti, kada ne postoje.<\/li>\n<li>op\u0161te poznavanje drugih metoda IBR-a (NDT-a)<\/li>\n<li>preuzima punu odgovornost za opremu za ispitivanje ili ispitni centar i osoblje.<\/li>\n<li>utvrdjuje,vr\u0161i preglede radi ispravki i tehni\u010dke korektnosti i overava uputstva i procedure za IBR,<\/li>\n<li>tuma\u010di standarde, pravila,specifikacije i procedure,<\/li>\n<li>utvr\u0111uje specifi\u010dne ispitne metode, procedure i uputstva za IBR<\/li>\n<li>sprovodi i nadzire sve aktivnosti svih nivoa,<\/li>\n<li>rukovodi osobljem IBR-a na svim nivoima.<\/li>\n<\/ul>\n<\/div>\n","protected":false},"excerpt":{"rendered":"<p>Ultrazvu\u010dno ispitivanje (UT) nivo 1+2 Ultrazvu\u010dno ispitivanje (UT) je standardna zapreminska metoda ispitivanja bez razaranja (NDT). U na\u0161em Trening centru kadnidat nakon zavr\u0161ene obuke sti\u010de: op\u0161ta teorijska znanja iz metode,&#8230;<\/p>\n","protected":false},"author":1,"featured_media":238,"parent":0,"menu_order":15,"comment_status":"closed","ping_status":"open","template":"page-course.php","meta":{"footnotes":""},"class_list":["post-246","page","type-page","status-publish","has-post-thumbnail","hentry"],"_links":{"self":[{"href":"http:\/\/www.ndtpro.rs\/rs\/wp-json\/wp\/v2\/pages\/246","targetHints":{"allow":["GET"]}}],"collection":[{"href":"http:\/\/www.ndtpro.rs\/rs\/wp-json\/wp\/v2\/pages"}],"about":[{"href":"http:\/\/www.ndtpro.rs\/rs\/wp-json\/wp\/v2\/types\/page"}],"author":[{"embeddable":true,"href":"http:\/\/www.ndtpro.rs\/rs\/wp-json\/wp\/v2\/users\/1"}],"replies":[{"embeddable":true,"href":"http:\/\/www.ndtpro.rs\/rs\/wp-json\/wp\/v2\/comments?post=246"}],"version-history":[{"count":2,"href":"http:\/\/www.ndtpro.rs\/rs\/wp-json\/wp\/v2\/pages\/246\/revisions"}],"predecessor-version":[{"id":777,"href":"http:\/\/www.ndtpro.rs\/rs\/wp-json\/wp\/v2\/pages\/246\/revisions\/777"}],"wp:featuredmedia":[{"embeddable":true,"href":"http:\/\/www.ndtpro.rs\/rs\/wp-json\/wp\/v2\/media\/238"}],"wp:attachment":[{"href":"http:\/\/www.ndtpro.rs\/rs\/wp-json\/wp\/v2\/media?parent=246"}],"curies":[{"name":"wp","href":"https:\/\/api.w.org\/{rel}","templated":true}]}}