{"id":230,"date":"2014-12-17T09:42:57","date_gmt":"2014-12-17T08:42:57","guid":{"rendered":"http:\/\/www.ndtpro.rs\/rs\/?page_id=230"},"modified":"2025-11-11T10:28:04","modified_gmt":"2025-11-11T09:28:04","slug":"kljuc-uspeha","status":"publish","type":"page","link":"http:\/\/www.ndtpro.rs\/rs\/kljuc-uspeha\/","title":{"rendered":"Klju\u010d uspeha"},"content":{"rendered":"<p><strong><span style=\"text-decoration: underline;\">Obrazovni program<\/span><\/strong><span style=\"text-decoration: underline;\"> \u00a0<\/span><br \/>\nSavremeni svet je sve komplesniji a nematerijalna komponenta sve zna\u010dajnija. Znanje postaje presudan faktor i pretpostavka svakog uspeha u svakom poduhvatu zauzimaju\u0107i primat u odnosu na materijalne inpute i kapital. Po\u010detak uspeha je prepoznavanje mo\u0107i znanja. Prednost se sti\u010de posedom faktora znanja a na\u010din na koji se ta prednost ostvaruje je obrazovanje.<br \/>\nOrganizovati obrazovanje zna\u010di organizovati klju\u010dnu infrastrukturu uspeha. Ono je proizvo\u0111a\u010d najzna\u010dajnijeg i najproduktivnijeg faktora ekonomskog stvaranja \u2013 ljudskih sposobnosti. Znanje je temelj svakog napretka i sticanja konkurentskih prednosti.<\/p>\n<p><strong><span style=\"text-decoration: underline;\">Ciljevi Trening centra<\/span><\/strong><\/p>\n<ul>\n<li>zadovoljenje potrebe dru\u0161tva za IBR inspektorima<\/li>\n<li>podizanje kvaliteta stru\u010dnih znanja i sposobnosti IBR inspektora<\/li>\n<li>izgradnja kadra na principima eti\u010dkog kodeksa IBR profesije<\/li>\n<\/ul>\n<p><strong><span style=\"text-decoration: underline;\">Najzna\u010dajnija obele\u017eja Trening centra <\/span><\/strong><\/p>\n<ul>\n<li><em>Trening centar sa iskustvom<\/em><\/li>\n<\/ul>\n<p>Akumulirano iskustvo, sa potporom u dugogodi\u0161njim dostignu\u0107ima u praksi renomirane ku\u0107e u oblasti obuke i sertifikovanja IBR stru\u010dnjaka \u2013 Sectora Cert iz Nema\u010dke, preto\u010deno je u efikasan sistem rada koji polaznicima omogu\u0107ava da za najkra\u0107e vreme usvoje potrebna znanja.<\/p>\n<ul>\n<li><em>Trening centar visokih standarda<\/em><\/li>\n<\/ul>\n<p>Svoj uspeh merimo kvalitetom znanja koje polaznici ponesu iz Trening centra. Efektivnost i efikasnost u teorijskoj i prakti\u010dnoj nastavi su obele\u017eja na\u010dina rada u na\u0161em Trening centru. Visok kvalitet obuke i stru\u010dno osposobljavanje polaznika posti\u017eemo visokim stru\u010dnim kompetencijama i posve\u0107eno\u0161\u0107u predava\u010da i \u010ditave organizacije Trening centra potrebama polaznika.<\/p>\n<ul>\n<li><em>Trening centar sa zna\u010dajnim doprinosom<\/em><\/li>\n<\/ul>\n<p>Obu\u010dili smo vi\u0161e stotina IBR inspektora \u010dime je isti broj profesionalaca obezbe\u0111en dru\u0161tvu. Stru\u010dan kadar neminovno doprinosi ja\u010danju kontrole kvaliteta u preduze\u0107ima u kojima rade. Druga strana na\u0161eg doprinosa se ogleda u \u010dinjenici da je preko 250 ljudi steklo ili novu profesionalnu osnovu egzistencije ili oja\u010dalo svoju poziciju u profesiji na tr\u017ei\u0161tu.<br \/>\n<strong><span style=\"text-decoration: underline;\">Na\u0161a svrha<\/span><\/strong><\/p>\n<ul>\n<li>slu\u017eiti zadovoljavanju stalno rastu\u0107ih potreba za obu\u010denim i sertifikovanim profesionalcima u oblasti ispitivanja bez razaranja<\/li>\n<li>biti faktor razvoja stabilnih odnosa na tr\u017ei\u0161tu<\/li>\n<\/ul>\n<p><strong><span style=\"text-decoration: underline;\">Na\u0161a organizacija<\/span><\/strong><\/p>\n<ul>\n<li>uskla\u0111ena sa principima efektivnosti i efikasnosti obavljanja zadataka<\/li>\n<li>prilago\u0111ena potrebama klijenata i prilago\u0111ena ljudima koji obavljaju posao<\/li>\n<\/ul>\n<p><strong><span style=\"text-decoration: underline;\">Na\u0161a istorija <\/span><\/strong><br \/>\n2008. \u2013 osnovano preduze\u0107e, autorizovan Trening centar, aktivan rad na organizaciji obuka<br \/>\n2009. \u2013 startuje kontinuirano odr\u017eavanje obuka za 5 metoda IBR-a (PT, MT, VT, UT i RT) I i II nivoa<br \/>\n2013.\u2013 sklopljen sporazum o zastupanju i saradnji sa renomiranim proizvo\u0111a\u010dem ultrazvu\u010dnih defektoskopa \u2013SIUI iz Hong Konga, na\u0161a firma pro\u0161iruje delatnost na prodaju opreme za NDT<br \/>\n2014. \u2013 pro\u0161irena bazi\u010dna delatnost firme, startuje odr\u017eavanje obuka za III nivo svih 5 metoda IBR-a (PT, MT, VT, UT i RT).<\/p>\n","protected":false},"excerpt":{"rendered":"<p>Obrazovni program \u00a0 Savremeni svet je sve komplesniji a nematerijalna komponenta sve zna\u010dajnija. Znanje postaje presudan faktor i pretpostavka svakog uspeha u svakom poduhvatu zauzimaju\u0107i primat u odnosu na materijalne&#8230;<\/p>\n","protected":false},"author":1,"featured_media":231,"parent":0,"menu_order":7,"comment_status":"closed","ping_status":"open","template":"","meta":{"footnotes":""},"class_list":["post-230","page","type-page","status-publish","has-post-thumbnail","hentry"],"_links":{"self":[{"href":"http:\/\/www.ndtpro.rs\/rs\/wp-json\/wp\/v2\/pages\/230","targetHints":{"allow":["GET"]}}],"collection":[{"href":"http:\/\/www.ndtpro.rs\/rs\/wp-json\/wp\/v2\/pages"}],"about":[{"href":"http:\/\/www.ndtpro.rs\/rs\/wp-json\/wp\/v2\/types\/page"}],"author":[{"embeddable":true,"href":"http:\/\/www.ndtpro.rs\/rs\/wp-json\/wp\/v2\/users\/1"}],"replies":[{"embeddable":true,"href":"http:\/\/www.ndtpro.rs\/rs\/wp-json\/wp\/v2\/comments?post=230"}],"version-history":[{"count":3,"href":"http:\/\/www.ndtpro.rs\/rs\/wp-json\/wp\/v2\/pages\/230\/revisions"}],"predecessor-version":[{"id":1150,"href":"http:\/\/www.ndtpro.rs\/rs\/wp-json\/wp\/v2\/pages\/230\/revisions\/1150"}],"wp:featuredmedia":[{"embeddable":true,"href":"http:\/\/www.ndtpro.rs\/rs\/wp-json\/wp\/v2\/media\/231"}],"wp:attachment":[{"href":"http:\/\/www.ndtpro.rs\/rs\/wp-json\/wp\/v2\/media?parent=230"}],"curies":[{"name":"wp","href":"https:\/\/api.w.org\/{rel}","templated":true}]}}